{"id":3,"date":"2023-01-29T14:59:19","date_gmt":"2023-01-29T14:59:19","guid":{"rendered":"http:\/\/r12.com.pl\/?page_id=3"},"modified":"2023-03-17T10:08:15","modified_gmt":"2023-03-17T10:08:15","slug":"rodo","status":"publish","type":"page","link":"https:\/\/r12.com.pl\/index.php\/rodo\/","title":{"rendered":"RODO i Polityka Prywatno\u015bci"},"content":{"rendered":"\n<p><strong>Polityka Prywatno\u015bci<\/strong><\/p>\n\n\n\n<p>Strona internetowa\/serwis www u\u017cywa plik\u00f3w cookies i podobnych technologii m.in. po to, by dostosowa\u0107 serwis do potrzeb u\u017cytkownik\u00f3w, celach statystycznych oraz umo\u017cliwieniu u\u017cytkownikowi skorzystania z us\u0142ug dost\u0119pnych na stronie internetowej. Pliki cookies u\u017cywaj\u0105 te\u017c serwisy, do kt\u00f3rych si\u0119 odwo\u0142ujemy pokazuj\u0105c np. multimedia, statystyki, wtyczki spo\u0142eczno\u015bciowe. W przegl\u0105darce internetowej mo\u017cna w ka\u017cdej chwili zmieni\u0107 ustawienia dotycz\u0105ce plik\u00f3w cookies. Brak zmiany tych ustawie\u0144 oznacza akceptacj\u0119 dla stosowanych tu plik\u00f3w cookies. Tzw. &#8222;cookies&#8221; to tekstowe pliki, przechowywane w urz\u0105dzeniach u\u017cytkownik\u00f3w przeznaczone do korzystania ze stron internetowych. Zawarto\u015b\u0107 plik\u00f3w pozwala rozpozna\u0107 urz\u0105dzenie u\u017cytkownika i odpowiednio wy\u015bwietli\u0107 stron\u0119 internetow\u0105 na danym urz\u0105dzeniu. Cookies najcz\u0119\u015bciej zawieraj\u0105 nazw\u0119 strony\/serwisu internetowego z kt\u00f3rej pochodz\u0105, czas przechowywania ich na urz\u0105dzeniu u\u017cytkownika oraz unikalny numer. W serwisie stosowane s\u0105 dwa rodzaje plik\u00f3w cookies &#8222;sesyjne&#8221; i &#8222;sta\u0142e&#8221;. Sesyjne pliki cookies to takie kt\u00f3re s\u0105 umieszczane na urz\u0105dzeniu u\u017cytkownika tylko w chwili kiedy u\u017cytkownik jest w danej chwili na stronie internetowej, sta\u0142e to takie kt\u00f3re pozostaj\u0105 na urz\u0105dzeniu u\u017cytkownika przez jaki\u015b okre\u015blony czas lub do chwili kiedy u\u017cytkownik ich sam nie usunie. Ochron\u0119 przed plikami cookies mo\u017cna ustawi\u0107 w ka\u017cdej chwili w przegl\u0105darce internetowej w\u0142\u0105cznie z ca\u0142kowit\u0105 blokad\u0105 tych plik\u00f3w na urz\u0105dzeniu. Ma to swoje plusy i minusy zwi\u0119ksza to poziom bezpiecze\u0144stwa i ochrony urz\u0105dzenia, ale niestety te\u017c mo\u017ce uniemo\u017cliwia\u0107 zastosowanie niekt\u00f3rych funkcji (lub ca\u0142kowicie uniemo\u017cliwi\u0107 korzystanie z serwisu internetowego) i opcji kt\u00f3re poprawiaj\u0105 u\u017cyteczno\u015b\u0107 serwisu internetowego. Dane osobowe w plikach cookies je\u015bli ju\u017c s\u0105 przechowywane s\u0105 one tylko w chwili wykonywania danych operacji niezb\u0119dnych do zrealizowania danej us\u0142ugi. W najbardziej popularnych urz\u0105dzeniach i oprogramowaniu mo\u017cna dostosowa\u0107 akceptacj\u0119 plik\u00f3w cookies, usuwa\u0107 w ka\u017cdym momencie takie pliki oraz wyra\u017ca\u0107 akceptacj\u0119 na zapis takich plik\u00f3w na urz\u0105dzeniu ko\u0144cowym. Szczeg\u00f3\u0142owe informacje dotycz\u0105ce konfiguracji plik\u00f3w cookies dost\u0119pne s\u0105 w ustawieniach danego oprogramowania (przegl\u0105darki internetowej). Serwis nie odpowiada za polityk\u0119 prywatno\u015bci stron internetowych, do kt\u00f3rych odno\u015bniki umieszczone s\u0105 na stronach serwisu.<\/p>\n\n\n\n<p><strong>Klauzula informacyjna RODO<br><\/strong><br><strong>Zgodnie z art. 13 Rozporz\u0105dzenia Parlamentu Europejskiego i Rady (UE) 2016\/679 z dnia 27 kwietnia 2016r. w sprawie ochrony os\u00f3b fizycznych w zwi\u0105zku z przetwarzaniem danych osobowych i w sprawie swobodnego przep\u0142ywu takich danych oraz uchylenia dyrektywy 95\/46\/WE (og\u00f3lne rozporz\u0105dzenie o ochronie danych \u2013 RODO) informujemy, \u017ce:<\/strong><\/p>\n\n\n\n<p><strong><br><\/strong>1.\u00a0\u00a0 \u00a0Administratorem Pa\u0144stwa danych osobowych jest <\/p>\n\n\n\n<p>R12 Dariusz Rosi\u0144ski<br>D\u0119be Kolonia 14a<br>62-860 Opat\u00f3wek<br>NIP: 968 069 37 50<br>REGON: 251284632<\/p>\n\n\n\n<p>Kontakt: tel. +48 536\u00a0242\u00a0163<br>e-mail: biuro@r12.com.pl<\/p>\n\n\n\n<p><strong>Kto jest administratorem danych osobowych?<\/strong><br>Administratorem jest R12 Dariusz Rosi\u0144ski, D\u0119be Kolonia 14a, 62-860 Opat\u00f3wek, NIP: 968 069 37 50.<\/p>\n\n\n\n<p><strong>Do czego b\u0119d\u0105 u\u017cywane Pa\u0144stwa dane osobowe?<\/strong><br>Pa\u0144stwa dane osobowe przetwarzane s\u0105 w celu nawi\u0105zania kontaktu, opracowania ofert, sprzeda\u017cy towar\u00f3w i us\u0142ug oraz zachowania relacji biznesowych, a tak\u017ce w celu przesy\u0142ania informacji handlowych w rozumieniu ustawy o \u015bwiadczeniu us\u0142ug drog\u0105 elektroniczn\u0105.<\/p>\n\n\n\n<p><strong>Na jakiej podstawie b\u0119dziemy przetwarza\u0107 Pa\u0144stwa dane osobowe?<\/strong><br>Podstaw\u0105 prawn\u0105 przetwarzania Pa\u0144stwa danych osobowych, jest artyku\u0142 6 Rozporz\u0105dzenia Parlamentu Europejskiego i Rady (UE) 2016\/679 z dnia 27 kwietnia 2016 r. w sprawie ochrony os\u00f3b fizycznych w zwi\u0105zku z przetwarzaniem danych osobowych w sprawie swobodnego przep\u0142ywu takich danych oraz uchylenia dyrektywy 95\/46\/WE (RODO).<\/p>\n\n\n\n<p><strong>Czy jest mo\u017cliwo\u015b\u0107 cofni\u0119cia zgody?<\/strong><br>Podanie danych osobowych jest dobrowolne, nie jest wymogiem ustawowym lub umownym oraz nie stanowi warunku zawarcia umowy. Cofni\u0119cie zgody jest mo\u017cliwe na ka\u017cdym etapie i nie jest to zwi\u0105zane z \u017cadnymi negatywnymi konsekwencjami. Cofni\u0119cia zgody mo\u017cna dokona\u0107 w dowolny, wybrany spos\u00f3b (e-mail, poczta tradycyjna) tak, aby dotar\u0142a do wiadomo\u015bci R12 Dariusz Rosi\u0144ski.<\/p>\n\n\n\n<p><strong>Kiedy i komu mo\u017cemy przekaza\u0107 Pa\u0144stwa dane?<\/strong><br>R12 Dariusz Rosi\u0144ski nie przekazuje Pa\u0144stwa danych osobowych podmiotom trzecim, jak r\u00f3wnie\u017c nie s\u0105 one wykorzystywane w procesach zautomatyzowanego profilowania.<\/p>\n\n\n\n<p><strong>Co mog\u0105 Pa\u0144stwo zrobi\u0107 z przekazanymi nam danymi?<\/strong><br>Po wyra\u017ceniu zgody na przetwarzanie danych osobowych, maj\u0105 Pa\u0144stwo prawo do \u017c\u0105dania od R12 Dariusz Rosi\u0144ski dost\u0119pu do danych osobowych dotycz\u0105cych Pa\u0144stwa oraz uzyskania ich kopii, a tak\u017ce \u017c\u0105dania ich sprostowania, usuni\u0119cia danych, ograniczenia ich przetwarzania oraz prawo wniesienia sprzeciwu wobec ich przetwarzania.<\/p>\n\n\n\n<p><strong>Do kiedy Pa\u0144stwa dane osobowe b\u0119d\u0105 przechowywane?<\/strong><br>Do czasu wycofania zgody lub, je\u015bli dane b\u0119d\u0105 przetwarzane na podstawie prawnie uzasadnionego celu administratora \u2013 do momentu wniesienia sprzeciwu.<\/p>\n\n\n\n<p><strong>Jakie dane osobowe przetwarzamy?<\/strong><br>Przetwarzane kategorie Pa\u0144stwa danych osobowych to dane, kt\u00f3re pochodz\u0105 bezpo\u015brednio od Pa\u0144stwa (lub zosta\u0142y przekazane w Pa\u0144stwa imieniu) lub dane osobowe, kt\u00f3re zosta\u0142y zebrane ze \u017ar\u00f3de\u0142 publicznie dost\u0119pnych, w szczeg\u00f3lno\u015bci: imi\u0119 i nazwisko, adres e-mail, telefon kontaktowy, adres korespondencyjny. Odbiorc\u0105 Pa\u0144stwa danych osobowych s\u0105 pracownicy i wsp\u00f3\u0142pracownicy oraz partnerzy wspomagaj\u0105cy administratora w jego biznesowej dzia\u0142alno\u015bci.<br><\/p>\n","protected":false},"excerpt":{"rendered":"<p>Polityka Prywatno\u015bci Strona internetowa\/serwis www u\u017cywa plik\u00f3w cookies i podobnych technologii m.in. po to, by dostosowa\u0107 serwis do potrzeb u\u017cytkownik\u00f3w, celach statystycznych oraz umo\u017cliwieniu u\u017cytkownikowi skorzystania z us\u0142ug dost\u0119pnych na stronie internetowej. Pliki cookies u\u017cywaj\u0105 te\u017c serwisy, do kt\u00f3rych si\u0119 odwo\u0142ujemy pokazuj\u0105c np. multimedia, statystyki, wtyczki spo\u0142eczno\u015bciowe. W przegl\u0105darce internetowej mo\u017cna w ka\u017cdej chwili zmieni\u0107&hellip;&nbsp;<a href=\"https:\/\/r12.com.pl\/index.php\/rodo\/\" rel=\"bookmark\">Dowiedz si\u0119 wi\u0119cej &raquo;<span class=\"screen-reader-text\">RODO i Polityka Prywatno\u015bci<\/span><\/a><\/p>\n","protected":false},"author":1,"featured_media":0,"parent":0,"menu_order":0,"comment_status":"closed","ping_status":"open","template":"","meta":{"neve_meta_sidebar":"","neve_meta_container":"","neve_meta_enable_content_width":"","neve_meta_content_width":0,"neve_meta_title_alignment":"","neve_meta_author_avatar":"","neve_post_elements_order":"","neve_meta_disable_header":"","neve_meta_disable_footer":"","neve_meta_disable_title":"","footnotes":""},"class_list":["post-3","page","type-page","status-publish","hentry"],"_links":{"self":[{"href":"https:\/\/r12.com.pl\/index.php\/wp-json\/wp\/v2\/pages\/3","targetHints":{"allow":["GET"]}}],"collection":[{"href":"https:\/\/r12.com.pl\/index.php\/wp-json\/wp\/v2\/pages"}],"about":[{"href":"https:\/\/r12.com.pl\/index.php\/wp-json\/wp\/v2\/types\/page"}],"author":[{"embeddable":true,"href":"https:\/\/r12.com.pl\/index.php\/wp-json\/wp\/v2\/users\/1"}],"replies":[{"embeddable":true,"href":"https:\/\/r12.com.pl\/index.php\/wp-json\/wp\/v2\/comments?post=3"}],"version-history":[{"count":2,"href":"https:\/\/r12.com.pl\/index.php\/wp-json\/wp\/v2\/pages\/3\/revisions"}],"predecessor-version":[{"id":223,"href":"https:\/\/r12.com.pl\/index.php\/wp-json\/wp\/v2\/pages\/3\/revisions\/223"}],"wp:attachment":[{"href":"https:\/\/r12.com.pl\/index.php\/wp-json\/wp\/v2\/media?parent=3"}],"curies":[{"name":"wp","href":"https:\/\/api.w.org\/{rel}","templated":true}]}}