{"id":13,"date":"2023-01-29T14:06:39","date_gmt":"2023-01-29T14:06:39","guid":{"rendered":"http:\/\/r12.com.pl\/?page_id=13"},"modified":"2025-03-19T07:42:14","modified_gmt":"2025-03-19T07:42:14","slug":"oferta","status":"publish","type":"page","link":"https:\/\/r12.com.pl\/index.php\/oferta\/","title":{"rendered":"Oferta"},"content":{"rendered":"\n<div class=\"wp-block-cover alignfull\" style=\"min-height:420px;aspect-ratio:unset;\"><span aria-hidden=\"true\" class=\"wp-block-cover__background has-nv-light-bg-background-color has-background-dim-100 has-background-dim\"><\/span><div class=\"wp-block-cover__inner-container is-layout-flow wp-block-cover-is-layout-flow\">\n<div class=\"wp-block-columns is-layout-flex wp-container-core-columns-is-layout-9d6595d7 wp-block-columns-is-layout-flex\">\n<div class=\"wp-block-column ticss-4ce656f1 is-layout-flow wp-block-column-is-layout-flow\">\n<h3 class=\"wp-block-heading has-text-align-center has-neve-text-color-color has-text-color\">NOWOCZESNE<\/h3>\n\n\n\n<p class=\"has-text-align-center has-neve-text-color-color has-text-color\" style=\"font-size:15px\">Dzi\u0119ki o\u015bwietleniu LED reklama tworzy znakomity efekt wizualny!<\/p>\n\n\n\n<div style=\"height:20px\" aria-hidden=\"true\" class=\"wp-block-spacer\"><\/div>\n<\/div>\n\n\n\n<div class=\"wp-block-column ticss-f6fc7494 is-layout-flow wp-block-column-is-layout-flow\">\n<h3 class=\"wp-block-heading has-text-align-center has-neve-text-color-color has-text-color\">EFEKTYWNE<\/h3>\n\n\n\n<p class=\"has-text-align-center has-neve-text-color-color has-text-color\" style=\"font-size:15px\">Reklama wizualna stacjonarna lub mobilna, dodatkowo mo\u017cliwo\u015b\u0107 emisji d\u017awi\u0119ku<\/p>\n\n\n\n<div style=\"height:20px\" aria-hidden=\"true\" class=\"wp-block-spacer\"><\/div>\n<\/div>\n\n\n\n<div class=\"wp-block-column ticss-a5b4df29 is-layout-flow wp-block-column-is-layout-flow\">\n<h3 class=\"wp-block-heading has-text-align-center has-neve-text-color-color has-text-color\">WIELKOFORMATOWE<\/h3>\n\n\n\n<p class=\"has-text-align-center has-neve-text-color-color has-text-color\" style=\"font-size:15px\">Mo\u017cliwo\u015b\u0107 oklejenia lub powieszenia baneru. \u0141\u0105czna powierzchnia reklamowa 24 m2<\/p>\n\n\n\n<div style=\"height:20px\" aria-hidden=\"true\" class=\"wp-block-spacer\"><\/div>\n<\/div>\n<\/div>\n\n\n\n<p class=\"has-text-align-center has-neve-text-color-color has-text-color\">Nasze przyczepy posiadaj\u0105 ubezpieczenie OC i AC oraz DMC 750 kg co pozwala na jazd\u0119 osobom z prawem jazdy kat. B<\/p>\n\n\n\n<div style=\"height:30px\" aria-hidden=\"true\" class=\"wp-block-spacer\"><\/div>\n<\/div><\/div>\n\n\n\n<div style=\"height:100px\" aria-hidden=\"true\" class=\"wp-block-spacer\"><\/div>\n\n\n\n<h1 class=\"wp-block-heading has-text-align-center\">Nasze przyczepy reklamowe<\/h1>\n\n\n\n<div class=\"wp-block-cover alignfull\" style=\"min-height:600px;aspect-ratio:unset;\"><span aria-hidden=\"true\" class=\"wp-block-cover__background has-nv-site-bg-background-color has-background-dim-100 has-background-dim\"><\/span><div class=\"wp-block-cover__inner-container is-layout-flow wp-block-cover-is-layout-flow\">\n<div class=\"wp-block-group\"><div class=\"wp-block-group__inner-container is-layout-flow wp-block-group-is-layout-flow\">\n<div style=\"height:80px\" aria-hidden=\"true\" class=\"wp-block-spacer\"><\/div>\n\n\n\n<div class=\"wp-block-columns are-vertically-aligned-center is-layout-flex wp-container-core-columns-is-layout-9d6595d7 wp-block-columns-is-layout-flex\">\n<div class=\"wp-block-column is-vertically-aligned-center is-layout-flow wp-block-column-is-layout-flow\" style=\"flex-basis:50%\">\n<figure class=\"wp-block-image size-large\"><img loading=\"lazy\" decoding=\"async\" width=\"683\" height=\"1024\" src=\"https:\/\/r12.com.pl\/wp-content\/uploads\/2023\/02\/IMG_8311-683x1024.jpg\" alt=\"\" class=\"wp-image-100\" srcset=\"https:\/\/r12.com.pl\/wp-content\/uploads\/2023\/02\/IMG_8311-683x1024.jpg 683w, https:\/\/r12.com.pl\/wp-content\/uploads\/2023\/02\/IMG_8311-200x300.jpg 200w, https:\/\/r12.com.pl\/wp-content\/uploads\/2023\/02\/IMG_8311-768x1152.jpg 768w, https:\/\/r12.com.pl\/wp-content\/uploads\/2023\/02\/IMG_8311-1024x1536.jpg 1024w, https:\/\/r12.com.pl\/wp-content\/uploads\/2023\/02\/IMG_8311.jpg 1280w\" sizes=\"auto, (max-width: 683px) 100vw, 683px\" \/><\/figure>\n<\/div>\n\n\n\n<div class=\"wp-block-column is-vertically-aligned-center is-layout-flow wp-block-column-is-layout-flow\" style=\"flex-basis:50%\">\n<h2 class=\"wp-block-heading has-neve-text-color-color has-text-color\"><strong>Przyczepa reklamowa Frontlight<\/strong><\/h2>\n\n\n\n<p class=\"has-neve-text-color-color has-text-color has-medium-font-size\"><strong>\u0141\u0105czna powierzchnia reklamowa 24 m2.<\/strong> <\/p>\n\n\n\n<p class=\"has-neve-text-color-color has-text-color has-medium-font-size\">Solidna konstrukcja, nowoczesny design, mo\u017cliwo\u015b\u0107 oklejenia plakatem lub zawieszenia baner\u00f3w o wymiarach 504&#215;238 cm z dw\u00f3ch stron. Dodatkowo mo\u017cliwo\u015b\u0107 emisji spotu reklamowego na naszym nag\u0142o\u015bnieniu i monitorowania oraz raportowania tras przejazdu, dzi\u0119ki wbudowanym systemom GPS. <\/p>\n\n\n\n<p class=\"has-neve-text-color-color has-text-color has-medium-font-size\">Przyczepa, dzi\u0119ki \u015bwiat\u0142u zewn\u0119trznemu rzucanemu na plakat i odpowiedniemu k\u0105towi nachylenia daje znakomity efekt wizualny. Mo\u017ce by\u0107 form\u0105 reklamy stacjonarnej lub mobilnej.<\/p>\n\n\n\n<p><\/p>\n<\/div>\n<\/div>\n\n\n\n<div class=\"wp-block-columns is-layout-flex wp-container-core-columns-is-layout-9d6595d7 wp-block-columns-is-layout-flex\">\n<div class=\"wp-block-column is-layout-flow wp-block-column-is-layout-flow\">\n<figure class=\"wp-block-image size-large\"><img loading=\"lazy\" decoding=\"async\" width=\"1024\" height=\"683\" src=\"https:\/\/r12.com.pl\/wp-content\/uploads\/2023\/02\/IMG_8321-1024x683.jpg\" alt=\"\" class=\"wp-image-102\" srcset=\"https:\/\/r12.com.pl\/wp-content\/uploads\/2023\/02\/IMG_8321-1024x683.jpg 1024w, https:\/\/r12.com.pl\/wp-content\/uploads\/2023\/02\/IMG_8321-300x200.jpg 300w, https:\/\/r12.com.pl\/wp-content\/uploads\/2023\/02\/IMG_8321-768x512.jpg 768w, https:\/\/r12.com.pl\/wp-content\/uploads\/2023\/02\/IMG_8321-1536x1024.jpg 1536w, https:\/\/r12.com.pl\/wp-content\/uploads\/2023\/02\/IMG_8321-930x620.jpg 930w, https:\/\/r12.com.pl\/wp-content\/uploads\/2023\/02\/IMG_8321.jpg 1920w\" sizes=\"auto, (max-width: 1024px) 100vw, 1024px\" \/><\/figure>\n<\/div>\n\n\n\n<div class=\"wp-block-column is-layout-flow wp-block-column-is-layout-flow\">\n<figure class=\"wp-block-image size-large\"><img loading=\"lazy\" decoding=\"async\" width=\"1024\" height=\"683\" src=\"https:\/\/r12.com.pl\/wp-content\/uploads\/2023\/02\/IMG_8316-1024x683.jpg\" alt=\"\" class=\"wp-image-101\" srcset=\"https:\/\/r12.com.pl\/wp-content\/uploads\/2023\/02\/IMG_8316-1024x683.jpg 1024w, https:\/\/r12.com.pl\/wp-content\/uploads\/2023\/02\/IMG_8316-300x200.jpg 300w, https:\/\/r12.com.pl\/wp-content\/uploads\/2023\/02\/IMG_8316-768x512.jpg 768w, https:\/\/r12.com.pl\/wp-content\/uploads\/2023\/02\/IMG_8316-1536x1024.jpg 1536w, https:\/\/r12.com.pl\/wp-content\/uploads\/2023\/02\/IMG_8316-930x620.jpg 930w, https:\/\/r12.com.pl\/wp-content\/uploads\/2023\/02\/IMG_8316.jpg 1920w\" sizes=\"auto, (max-width: 1024px) 100vw, 1024px\" \/><\/figure>\n<\/div>\n<\/div>\n\n\n\n<div style=\"height:40px\" aria-hidden=\"true\" class=\"wp-block-spacer\"><\/div>\n<\/div><\/div>\n<\/div><\/div>\n\n\n\n<div class=\"wp-block-cover alignfull\" style=\"min-height:600px;aspect-ratio:unset;\"><span aria-hidden=\"true\" class=\"wp-block-cover__background has-nv-site-bg-background-color has-background-dim-100 has-background-dim\"><\/span><div class=\"wp-block-cover__inner-container is-layout-flow wp-block-cover-is-layout-flow\">\n<div class=\"wp-block-group\"><div class=\"wp-block-group__inner-container is-layout-flow wp-block-group-is-layout-flow\">\n<div style=\"height:40px\" aria-hidden=\"true\" class=\"wp-block-spacer\"><\/div>\n\n\n\n<div style=\"height:80px\" aria-hidden=\"true\" class=\"wp-block-spacer\"><\/div>\n\n\n\n<div class=\"wp-block-columns are-vertically-aligned-center is-layout-flex wp-container-core-columns-is-layout-9d6595d7 wp-block-columns-is-layout-flex\">\n<div class=\"wp-block-column is-vertically-aligned-center is-layout-flow wp-block-column-is-layout-flow\" style=\"flex-basis:50%\">\n<figure class=\"wp-block-image size-large\"><img loading=\"lazy\" decoding=\"async\" width=\"683\" height=\"1024\" src=\"https:\/\/r12.com.pl\/wp-content\/uploads\/2023\/02\/IMG_8108-copy-683x1024.jpg\" alt=\"\" class=\"wp-image-99\" srcset=\"https:\/\/r12.com.pl\/wp-content\/uploads\/2023\/02\/IMG_8108-copy-683x1024.jpg 683w, https:\/\/r12.com.pl\/wp-content\/uploads\/2023\/02\/IMG_8108-copy-200x300.jpg 200w, https:\/\/r12.com.pl\/wp-content\/uploads\/2023\/02\/IMG_8108-copy-768x1152.jpg 768w, https:\/\/r12.com.pl\/wp-content\/uploads\/2023\/02\/IMG_8108-copy-1024x1536.jpg 1024w, https:\/\/r12.com.pl\/wp-content\/uploads\/2023\/02\/IMG_8108-copy.jpg 1280w\" sizes=\"auto, (max-width: 683px) 100vw, 683px\" \/><\/figure>\n<\/div>\n\n\n\n<div class=\"wp-block-column is-vertically-aligned-center is-layout-flow wp-block-column-is-layout-flow\" style=\"flex-basis:50%\">\n<h2 class=\"wp-block-heading has-neve-text-color-color has-text-color\"><strong>Przyczepa reklamowa <strong>Backlight<\/strong><\/strong><\/h2>\n\n\n\n<p class=\"has-neve-text-color-color has-text-color has-medium-font-size\"><strong>\u0141\u0105czna powierzchnia reklamowa 24 m2.<\/strong> <\/p>\n\n\n\n<p class=\"has-neve-text-color-color has-text-color has-medium-font-size\">Solidna konstrukcja, nowoczesny design, mo\u017cliwo\u015b\u0107 zawieszenia baner\u00f3w o wymiarach 504&#215;238 cm z dw\u00f3ch stron. POD\u015aWIETLANA OD \u015aRODKA . Dodatkowo mo\u017cliwo\u015b\u0107 emisji spotu reklamowego na naszym nag\u0142o\u015bnieniu i monitorowania oraz raportowania tras przejazdu, dzi\u0119ki wbudowanym systemom GPS<\/p>\n\n\n\n<p class=\"has-neve-text-color-color has-text-color has-medium-font-size\">Przyczepa z zamontowanym o\u015bwietleniem wewn\u0119trznym LED i w\u0142asnym zasilaniem oraz czujnikami zmierzchu daje super efekt po zmroku i w nocy. Zawieszony baner tworzy znakomity efekt wizualny. Super opcja do promocji wszelkich event\u00f3w.<\/p>\n\n\n\n<p><\/p>\n<\/div>\n<\/div>\n\n\n\n<div class=\"wp-block-columns is-layout-flex wp-container-core-columns-is-layout-9d6595d7 wp-block-columns-is-layout-flex\">\n<div class=\"wp-block-column is-layout-flow wp-block-column-is-layout-flow\">\n<figure class=\"wp-block-image size-large\"><img loading=\"lazy\" decoding=\"async\" width=\"1024\" height=\"683\" src=\"https:\/\/r12.com.pl\/wp-content\/uploads\/2023\/02\/IMG_8105-copy-1024x683.jpg\" alt=\"\" class=\"wp-image-98\" srcset=\"https:\/\/r12.com.pl\/wp-content\/uploads\/2023\/02\/IMG_8105-copy-1024x683.jpg 1024w, https:\/\/r12.com.pl\/wp-content\/uploads\/2023\/02\/IMG_8105-copy-300x200.jpg 300w, https:\/\/r12.com.pl\/wp-content\/uploads\/2023\/02\/IMG_8105-copy-768x512.jpg 768w, https:\/\/r12.com.pl\/wp-content\/uploads\/2023\/02\/IMG_8105-copy-1536x1024.jpg 1536w, https:\/\/r12.com.pl\/wp-content\/uploads\/2023\/02\/IMG_8105-copy-930x620.jpg 930w, https:\/\/r12.com.pl\/wp-content\/uploads\/2023\/02\/IMG_8105-copy.jpg 1920w\" sizes=\"auto, (max-width: 1024px) 100vw, 1024px\" \/><\/figure>\n<\/div>\n\n\n\n<div class=\"wp-block-column is-layout-flow wp-block-column-is-layout-flow\">\n<figure class=\"wp-block-image size-large\"><img loading=\"lazy\" decoding=\"async\" width=\"1024\" height=\"683\" src=\"https:\/\/r12.com.pl\/wp-content\/uploads\/2023\/02\/IMG_8100-copy-1-1024x683.jpg\" alt=\"\" class=\"wp-image-96\" srcset=\"https:\/\/r12.com.pl\/wp-content\/uploads\/2023\/02\/IMG_8100-copy-1-1024x683.jpg 1024w, https:\/\/r12.com.pl\/wp-content\/uploads\/2023\/02\/IMG_8100-copy-1-300x200.jpg 300w, https:\/\/r12.com.pl\/wp-content\/uploads\/2023\/02\/IMG_8100-copy-1-768x512.jpg 768w, https:\/\/r12.com.pl\/wp-content\/uploads\/2023\/02\/IMG_8100-copy-1-1536x1024.jpg 1536w, https:\/\/r12.com.pl\/wp-content\/uploads\/2023\/02\/IMG_8100-copy-1-930x620.jpg 930w, https:\/\/r12.com.pl\/wp-content\/uploads\/2023\/02\/IMG_8100-copy-1.jpg 1920w\" sizes=\"auto, (max-width: 1024px) 100vw, 1024px\" \/><\/figure>\n<\/div>\n<\/div>\n\n\n\n<div style=\"height:40px\" aria-hidden=\"true\" class=\"wp-block-spacer\"><\/div>\n<\/div><\/div>\n<\/div><\/div>\n\n\n\n<div class=\"wp-block-columns is-layout-flex wp-container-core-columns-is-layout-9d6595d7 wp-block-columns-is-layout-flex\">\n<div class=\"wp-block-column is-layout-flow wp-block-column-is-layout-flow\">\n<figure class=\"wp-block-image size-full is-resized\"><img loading=\"lazy\" decoding=\"async\" width=\"530\" height=\"417\" src=\"https:\/\/r12.com.pl\/wp-content\/uploads\/2025\/03\/3-e1742369960955.png\" alt=\"\" class=\"wp-image-243\" style=\"width:568px;height:auto\" srcset=\"https:\/\/r12.com.pl\/wp-content\/uploads\/2025\/03\/3-e1742369960955.png 530w, https:\/\/r12.com.pl\/wp-content\/uploads\/2025\/03\/3-e1742369960955-300x236.png 300w\" sizes=\"auto, (max-width: 530px) 100vw, 530px\" \/><\/figure>\n<\/div>\n\n\n\n<div class=\"wp-block-column is-layout-flow wp-block-column-is-layout-flow\">\n<h2 class=\"wp-block-heading\"><strong>Przyczepa reklamowa pod baner<\/strong><\/h2>\n\n\n\n<p class=\"has-neve-text-color-color has-text-color has-medium-font-size\"><strong>\u0141\u0105czna powierzchnia reklamowa 24 m2.<\/strong><\/p>\n\n\n\n<p class=\"has-neve-text-color-color has-text-color has-medium-font-size\">Doci\u0105\u017cona, solidna konstrukcja, wygodna do ustawienia, nowoczesny design, mo\u017cliwo\u015b\u0107 monta\u017cu dodatkowych n\u00f3g teleskopowych, przystosowana do monta\u017cu baner\u00f3w o wymiarach 504\u00d7238 cm z dw\u00f3ch stron lub jednej strony. Dodatkowo mo\u017cliwo\u015b\u0107 emisji spotu reklamowego na naszym nag\u0142o\u015bnieniu oraz zapisu tras na urz\u0105dzeniu GPS. <\/p>\n\n\n\n<p class=\"has-neve-text-color-color has-text-color has-medium-font-size\">Przyczepa, dzi\u0119ki \u015bwiat\u0142u zewn\u0119trznemu rzucanemu na baner i odpowiedniemu k\u0105towi nachylenia daje znakomity efekt wizualny. Mo\u017ce by\u0107 form\u0105 reklamy stacjonarnej lub mobilnej. Szczeg\u00f3lnie sprawdza si\u0119 w kampaniach stacjonarnych d\u0142ugoterminowych.<\/p>\n\n\n\n<p><\/p>\n\n\n\n<p><\/p>\n<\/div>\n<\/div>\n\n\n\n<div class=\"wp-block-columns is-layout-flex wp-container-core-columns-is-layout-9d6595d7 wp-block-columns-is-layout-flex\">\n<div class=\"wp-block-column is-layout-flow wp-block-column-is-layout-flow\">\n<figure class=\"wp-block-image size-full\"><img loading=\"lazy\" decoding=\"async\" width=\"660\" height=\"417\" src=\"https:\/\/r12.com.pl\/wp-content\/uploads\/2025\/03\/2.png\" alt=\"\" class=\"wp-image-242\" srcset=\"https:\/\/r12.com.pl\/wp-content\/uploads\/2025\/03\/2.png 660w, https:\/\/r12.com.pl\/wp-content\/uploads\/2025\/03\/2-300x190.png 300w\" sizes=\"auto, (max-width: 660px) 100vw, 660px\" \/><\/figure>\n<\/div>\n\n\n\n<div class=\"wp-block-column is-layout-flow wp-block-column-is-layout-flow\">\n<figure class=\"wp-block-image size-full\"><img loading=\"lazy\" decoding=\"async\" width=\"660\" height=\"417\" src=\"https:\/\/r12.com.pl\/wp-content\/uploads\/2025\/03\/1.png\" alt=\"\" class=\"wp-image-241\" srcset=\"https:\/\/r12.com.pl\/wp-content\/uploads\/2025\/03\/1.png 660w, https:\/\/r12.com.pl\/wp-content\/uploads\/2025\/03\/1-300x190.png 300w\" sizes=\"auto, (max-width: 660px) 100vw, 660px\" \/><\/figure>\n<\/div>\n<\/div>\n\n\n\n<p><\/p>\n","protected":false},"excerpt":{"rendered":"<p>Nasze przyczepy reklamowe Przyczepa reklamowa pod baner \u0141\u0105czna powierzchnia reklamowa 24 m2. Doci\u0105\u017cona, solidna konstrukcja, wygodna do ustawienia, nowoczesny design, mo\u017cliwo\u015b\u0107 monta\u017cu dodatkowych n\u00f3g teleskopowych, przystosowana do monta\u017cu baner\u00f3w o wymiarach 504\u00d7238 cm z dw\u00f3ch stron lub jednej strony. Dodatkowo mo\u017cliwo\u015b\u0107 emisji spotu reklamowego na naszym nag\u0142o\u015bnieniu oraz zapisu tras na urz\u0105dzeniu GPS. Przyczepa, dzi\u0119ki&hellip;&nbsp;<a href=\"https:\/\/r12.com.pl\/index.php\/oferta\/\" rel=\"bookmark\">Dowiedz si\u0119 wi\u0119cej &raquo;<span class=\"screen-reader-text\">Oferta<\/span><\/a><\/p>\n","protected":false},"author":1,"featured_media":0,"parent":0,"menu_order":0,"comment_status":"closed","ping_status":"closed","template":"","meta":{"neve_meta_sidebar":"","neve_meta_container":"","neve_meta_enable_content_width":"on","neve_meta_content_width":100,"neve_meta_title_alignment":"","neve_meta_author_avatar":"","neve_post_elements_order":"","neve_meta_disable_header":"","neve_meta_disable_footer":"on","neve_meta_disable_title":"on","footnotes":""},"class_list":["post-13","page","type-page","status-publish","hentry"],"_links":{"self":[{"href":"https:\/\/r12.com.pl\/index.php\/wp-json\/wp\/v2\/pages\/13","targetHints":{"allow":["GET"]}}],"collection":[{"href":"https:\/\/r12.com.pl\/index.php\/wp-json\/wp\/v2\/pages"}],"about":[{"href":"https:\/\/r12.com.pl\/index.php\/wp-json\/wp\/v2\/types\/page"}],"author":[{"embeddable":true,"href":"https:\/\/r12.com.pl\/index.php\/wp-json\/wp\/v2\/users\/1"}],"replies":[{"embeddable":true,"href":"https:\/\/r12.com.pl\/index.php\/wp-json\/wp\/v2\/comments?post=13"}],"version-history":[{"count":23,"href":"https:\/\/r12.com.pl\/index.php\/wp-json\/wp\/v2\/pages\/13\/revisions"}],"predecessor-version":[{"id":244,"href":"https:\/\/r12.com.pl\/index.php\/wp-json\/wp\/v2\/pages\/13\/revisions\/244"}],"wp:attachment":[{"href":"https:\/\/r12.com.pl\/index.php\/wp-json\/wp\/v2\/media?parent=13"}],"curies":[{"name":"wp","href":"https:\/\/api.w.org\/{rel}","templated":true}]}}