{"id":12,"date":"2023-01-29T14:06:39","date_gmt":"2023-01-29T14:06:39","guid":{"rendered":"http:\/\/r12.com.pl\/?page_id=12"},"modified":"2025-03-23T05:07:31","modified_gmt":"2025-03-23T05:07:31","slug":"strona-glowna","status":"publish","type":"page","link":"https:\/\/r12.com.pl\/","title":{"rendered":"Strona g\u0142\u00f3wna"},"content":{"rendered":"\n<div class=\"wp-block-cover alignfull is-light\" style=\"min-height:700px;aspect-ratio:unset;\"><span aria-hidden=\"true\" class=\"wp-block-cover__background has-nv-site-bg-background-color has-background-dim-0 has-background-dim\"><\/span><img loading=\"lazy\" decoding=\"async\" width=\"2560\" height=\"1225\" class=\"wp-block-cover__image-background wp-image-218\" alt=\"\" src=\"https:\/\/r12.com.pl\/wp-content\/uploads\/2023\/03\/slider5-scaled.jpg\" style=\"object-position:51% 100%\" data-object-fit=\"cover\" data-object-position=\"51% 100%\" srcset=\"https:\/\/r12.com.pl\/wp-content\/uploads\/2023\/03\/slider5-scaled.jpg 2560w, https:\/\/r12.com.pl\/wp-content\/uploads\/2023\/03\/slider5-300x144.jpg 300w, https:\/\/r12.com.pl\/wp-content\/uploads\/2023\/03\/slider5-1024x490.jpg 1024w, https:\/\/r12.com.pl\/wp-content\/uploads\/2023\/03\/slider5-768x368.jpg 768w, https:\/\/r12.com.pl\/wp-content\/uploads\/2023\/03\/slider5-1536x735.jpg 1536w, https:\/\/r12.com.pl\/wp-content\/uploads\/2023\/03\/slider5-2048x980.jpg 2048w\" sizes=\"auto, (max-width: 2560px) 100vw, 2560px\" \/><div class=\"wp-block-cover__inner-container is-layout-flow wp-block-cover-is-layout-flow\">\n<div style=\"height:80px\" aria-hidden=\"true\" class=\"wp-block-spacer\"><\/div>\n\n\n\n<h1 class=\"wp-block-heading has-text-align-center has-neve-link-hover-color-color has-text-color\">Szukasz skutecznej reklamy? <br>Mamy dla Ciebie rozwi\u0105zanie!<\/h1>\n\n\n\n<p class=\"has-text-align-center has-neve-text-color-color has-text-color\" style=\"font-size:17px\"><strong>Nasze przyczepy reklamowe to nowoczesna, efektywna,<br>wielkoformatowa reklama w najlepszych lokalizacjach.<\/strong><\/p>\n\n\n\n<h4 class=\"wp-block-heading has-text-align-center\">Sprawd\u017a nasze Social Media<\/h4>\n\n\n\n<ul class=\"wp-block-social-links aligncenter is-layout-flex wp-block-social-links-is-layout-flex\"><li class=\"wp-social-link wp-social-link-facebook  wp-block-social-link\"><a href=\"https:\/\/www.facebook.com\/profile.php?id=100090771493427\" class=\"wp-block-social-link-anchor\"><svg width=\"24\" height=\"24\" viewBox=\"0 0 24 24\" version=\"1.1\" xmlns=\"http:\/\/www.w3.org\/2000\/svg\" aria-hidden=\"true\" focusable=\"false\"><path d=\"M12 2C6.5 2 2 6.5 2 12c0 5 3.7 9.1 8.4 9.9v-7H7.9V12h2.5V9.8c0-2.5 1.5-3.9 3.8-3.9 1.1 0 2.2.2 2.2.2v2.5h-1.3c-1.2 0-1.6.8-1.6 1.6V12h2.8l-.4 2.9h-2.3v7C18.3 21.1 22 17 22 12c0-5.5-4.5-10-10-10z\"><\/path><\/svg><span class=\"wp-block-social-link-label screen-reader-text\">Facebook<\/span><\/a><\/li>\n\n<li class=\"wp-social-link wp-social-link-youtube  wp-block-social-link\"><a href=\"https:\/\/www.youtube.com\/@mobilna_reklama\" class=\"wp-block-social-link-anchor\"><svg width=\"24\" height=\"24\" viewBox=\"0 0 24 24\" version=\"1.1\" xmlns=\"http:\/\/www.w3.org\/2000\/svg\" aria-hidden=\"true\" focusable=\"false\"><path d=\"M21.8,8.001c0,0-0.195-1.378-0.795-1.985c-0.76-0.797-1.613-0.801-2.004-0.847c-2.799-0.202-6.997-0.202-6.997-0.202 h-0.009c0,0-4.198,0-6.997,0.202C4.608,5.216,3.756,5.22,2.995,6.016C2.395,6.623,2.2,8.001,2.2,8.001S2,9.62,2,11.238v1.517 c0,1.618,0.2,3.237,0.2,3.237s0.195,1.378,0.795,1.985c0.761,0.797,1.76,0.771,2.205,0.855c1.6,0.153,6.8,0.201,6.8,0.201 s4.203-0.006,7.001-0.209c0.391-0.047,1.243-0.051,2.004-0.847c0.6-0.607,0.795-1.985,0.795-1.985s0.2-1.618,0.2-3.237v-1.517 C22,9.62,21.8,8.001,21.8,8.001z M9.935,14.594l-0.001-5.62l5.404,2.82L9.935,14.594z\"><\/path><\/svg><span class=\"wp-block-social-link-label screen-reader-text\">YouTube<\/span><\/a><\/li><\/ul>\n\n\n\n<div class=\"wp-block-buttons is-content-justification-center is-layout-flex wp-container-core-buttons-is-layout-16018d1d wp-block-buttons-is-layout-flex\"><\/div>\n\n\n\n<p><\/p>\n<\/div><\/div>\n\n\n\n<div class=\"wp-block-cover alignfull has-medium-font-size\" style=\"min-height:600px;aspect-ratio:unset;\"><span aria-hidden=\"true\" class=\"wp-block-cover__background has-background-dim-100 has-background-dim\" style=\"background-color:#073f4e\"><\/span><div class=\"wp-block-cover__inner-container is-layout-flow wp-block-cover-is-layout-flow\">\n<p class=\"has-text-align-center has-large-font-size\"><strong>Kim jeste\u015bmy?<\/strong><\/p>\n\n\n\n<p>Wynajem przyczep reklamowych i us\u0142ugi reklamowe&#8230; tym si\u0119 zajmujemy. Przedstaw nam swoje oczekiwania a my przygotujemy idealn\u0105 kampani\u0119 dla Ciebie. Jeste\u015bmy pewni, \u017ce nasza reklama jest bardzo skuteczna. Dzi\u0119ki mobilno\u015bci nasze przyczepy reklamowe pozwalaj\u0105 dotrze\u0107 do jeszcze wi\u0119kszego grona potencjalnych Klient\u00f3w . Rozmiar ma znaczenie&#8230; oczywi\u015bcie! Dlatego systematycznie nasza flota si\u0119 powi\u0119ksza. Zach\u0119camy do zapoznania si\u0119 ze szczeg\u00f3\u0142ami naszej oferty.<\/p>\n<\/div><\/div>\n\n\n\n<div style=\"height:100px\" aria-hidden=\"true\" class=\"wp-block-spacer\"><\/div>\n\n\n\n<div class=\"wp-block-cover alignfull\" style=\"min-height:600px;aspect-ratio:unset;\"><span aria-hidden=\"true\" class=\"wp-block-cover__background has-nv-site-bg-background-color has-background-dim-100 has-background-dim\"><\/span><div class=\"wp-block-cover__inner-container is-layout-flow wp-block-cover-is-layout-flow\">\n<div class=\"wp-block-group\"><div class=\"wp-block-group__inner-container is-layout-flow wp-block-group-is-layout-flow\">\n<div class=\"wp-block-columns are-vertically-aligned-center is-layout-flex wp-container-core-columns-is-layout-9d6595d7 wp-block-columns-is-layout-flex\">\n<div class=\"wp-block-column is-vertically-aligned-center is-layout-flow wp-block-column-is-layout-flow\" style=\"flex-basis:50%\">\n<figure class=\"wp-block-image size-large\"><img loading=\"lazy\" decoding=\"async\" width=\"1024\" height=\"683\" src=\"https:\/\/r12.com.pl\/wp-content\/uploads\/2023\/02\/IMG_8321-1024x683.jpg\" alt=\"\" class=\"wp-image-102\" srcset=\"https:\/\/r12.com.pl\/wp-content\/uploads\/2023\/02\/IMG_8321-1024x683.jpg 1024w, https:\/\/r12.com.pl\/wp-content\/uploads\/2023\/02\/IMG_8321-300x200.jpg 300w, https:\/\/r12.com.pl\/wp-content\/uploads\/2023\/02\/IMG_8321-768x512.jpg 768w, https:\/\/r12.com.pl\/wp-content\/uploads\/2023\/02\/IMG_8321-1536x1024.jpg 1536w, https:\/\/r12.com.pl\/wp-content\/uploads\/2023\/02\/IMG_8321-930x620.jpg 930w, https:\/\/r12.com.pl\/wp-content\/uploads\/2023\/02\/IMG_8321.jpg 1920w\" sizes=\"auto, (max-width: 1024px) 100vw, 1024px\" \/><\/figure>\n<\/div>\n\n\n\n<div class=\"wp-block-column is-vertically-aligned-center is-layout-flow wp-block-column-is-layout-flow\" style=\"flex-basis:50%\">\n<div style=\"height:20px\" aria-hidden=\"true\" class=\"wp-block-spacer\"><\/div>\n\n\n\n<h2 class=\"wp-block-heading has-text-align-left has-neve-text-color-color has-text-color\"><strong>Przyczepa reklamowa Frontlight<\/strong><\/h2>\n\n\n\n<p class=\"has-text-align-left has-neve-text-color-color has-text-color\" style=\"font-size:17px\"><strong>\u0141\u0105czna powierzchnia reklamowa 24 m2<\/strong><\/p>\n\n\n\n<p class=\"has-text-align-left has-neve-text-color-color has-text-color\" style=\"font-size:17px\">Solidna konstrukcja, nowoczesny design, mo\u017cliwo\u015b\u0107 oklejenia plakatem lub zawieszenia baner\u00f3w o wymiarach 504&#215;238 cm z dw\u00f3ch stron. Dodatkowo mo\u017cliwo\u015b\u0107 emisji spotu reklamowego na naszym nag\u0142o\u015bnieniu i monitorowania oraz raportowania tras przejazdu, dzi\u0119ki wbudowanym systemom GPS. <\/p>\n\n\n\n<p class=\"has-text-align-left has-neve-text-color-color has-text-color\" style=\"font-size:17px\">Przyczepa, dzi\u0119ki \u015bwiat\u0142u zewn\u0119trznemu rzucanemu na plakat i odpowiedniemu k\u0105towi nachylenia daje znakomity efekt wizualny. Mo\u017ce by\u0107 form\u0105 reklamy stacjonarnej lub mobilnej.<\/p>\n\n\n\n<div class=\"wp-block-buttons is-content-justification-left is-layout-flex wp-container-core-buttons-is-layout-fdcfc74e wp-block-buttons-is-layout-flex\">\n<div class=\"wp-block-button is-style-primary\"><a class=\"wp-block-button__link wp-element-button\" href=\"https:\/\/r12.com.pl\/index.php\/oferta\/\">WI\u0118CEJ<\/a><\/div>\n<\/div>\n<\/div>\n<\/div>\n<\/div><\/div>\n<\/div><\/div>\n\n\n\n<div style=\"height:100px\" aria-hidden=\"true\" class=\"wp-block-spacer\"><\/div>\n\n\n\n<div class=\"wp-block-cover alignfull\" style=\"min-height:600px;aspect-ratio:unset;\"><span aria-hidden=\"true\" class=\"wp-block-cover__background has-nv-site-bg-background-color has-background-dim-100 has-background-dim\"><\/span><div class=\"wp-block-cover__inner-container is-layout-flow wp-block-cover-is-layout-flow\">\n<div class=\"wp-block-group\"><div class=\"wp-block-group__inner-container is-layout-flow wp-block-group-is-layout-flow\">\n<div class=\"wp-block-columns are-vertically-aligned-center is-layout-flex wp-container-core-columns-is-layout-9d6595d7 wp-block-columns-is-layout-flex\">\n<div class=\"wp-block-column is-vertically-aligned-center is-layout-flow wp-block-column-is-layout-flow\" style=\"flex-basis:50%\">\n<h2 class=\"wp-block-heading has-text-align-left has-neve-text-color-color has-text-color\"><strong>Przyczepa reklamowa Backlight<\/strong><\/h2>\n\n\n\n<p class=\"has-text-align-left has-neve-text-color-color has-text-color\" style=\"font-size:17px\"><strong>\u0141\u0105czna powierzchnia reklamowa 24 m2<\/strong><\/p>\n\n\n\n<p class=\"has-text-align-left has-neve-text-color-color has-text-color\" style=\"font-size:17px\">Solidna konstrukcja, nowoczesny design, mo\u017cliwo\u015b\u0107 zawieszenia baner\u00f3w o wymiarach 504&#215;238 cm z dw\u00f3ch stron. <strong>POD\u015aWIETLANA OD \u015aRODKA<\/strong>. Dodatkowo mo\u017cliwo\u015b\u0107 emisji spotu reklamowego na naszym nag\u0142o\u015bnieniu i monitorowania oraz raportowania tras przejazdu, dzi\u0119ki wbudowanym systemom GPS. <\/p>\n\n\n\n<p class=\"has-text-align-left has-neve-text-color-color has-text-color\" style=\"font-size:17px\">Przyczepa z zamontowanym o\u015bwietleniem wewn\u0119trznym LED i w\u0142asnym zasilaniem oraz czujnikami zmierzchu daje super efekt po zmroku i w nocy. Zawieszony baner tworzy znakomity efekt wizualny. Super opcja do promocji wszelkich event\u00f3w. <\/p>\n\n\n\n<div class=\"wp-block-buttons is-content-justification-left is-layout-flex wp-container-core-buttons-is-layout-fdcfc74e wp-block-buttons-is-layout-flex\">\n<div class=\"wp-block-button is-style-primary\"><a class=\"wp-block-button__link wp-element-button\" href=\"https:\/\/r12.com.pl\/index.php\/oferta\/\">WI\u0118CEJ<\/a><\/div>\n<\/div>\n\n\n\n<div style=\"height:40px\" aria-hidden=\"true\" class=\"wp-block-spacer\"><\/div>\n<\/div>\n\n\n\n<div class=\"wp-block-column is-vertically-aligned-center is-layout-flow wp-block-column-is-layout-flow\" style=\"flex-basis:50%\">\n<figure class=\"wp-block-image size-large\"><img loading=\"lazy\" decoding=\"async\" width=\"1024\" height=\"683\" src=\"https:\/\/r12.com.pl\/wp-content\/uploads\/2023\/02\/IMG_8100-copy-1024x683.jpg\" alt=\"\" class=\"wp-image-46\" srcset=\"https:\/\/r12.com.pl\/wp-content\/uploads\/2023\/02\/IMG_8100-copy-1024x683.jpg 1024w, https:\/\/r12.com.pl\/wp-content\/uploads\/2023\/02\/IMG_8100-copy-300x200.jpg 300w, https:\/\/r12.com.pl\/wp-content\/uploads\/2023\/02\/IMG_8100-copy-768x512.jpg 768w, https:\/\/r12.com.pl\/wp-content\/uploads\/2023\/02\/IMG_8100-copy-1536x1024.jpg 1536w, https:\/\/r12.com.pl\/wp-content\/uploads\/2023\/02\/IMG_8100-copy-2048x1365.jpg 2048w, https:\/\/r12.com.pl\/wp-content\/uploads\/2023\/02\/IMG_8100-copy-930x620.jpg 930w\" sizes=\"auto, (max-width: 1024px) 100vw, 1024px\" \/><\/figure>\n<\/div>\n<\/div>\n<\/div><\/div>\n<\/div><\/div>\n\n\n\n<div class=\"wp-block-cover alignfull\" style=\"min-height:600px;aspect-ratio:unset;\"><span aria-hidden=\"true\" class=\"wp-block-cover__background has-background-dim-100 has-background-dim\" style=\"background-color:#073f4e\"><\/span><div class=\"wp-block-cover__inner-container is-layout-flow wp-block-cover-is-layout-flow\">\n<div class=\"wp-block-group\"><div class=\"wp-block-group__inner-container is-layout-flow wp-block-group-is-layout-flow\">\n<div class=\"wp-block-columns are-vertically-aligned-center is-layout-flex wp-container-core-columns-is-layout-9d6595d7 wp-block-columns-is-layout-flex\">\n<div class=\"wp-block-column is-vertically-aligned-center is-layout-flow wp-block-column-is-layout-flow\" style=\"flex-basis:50%\">\n<center><iframe loading=\"lazy\" width=\"560\" height=\"315\" src=\"https:\/\/www.youtube.com\/embed\/Dg1NFsNCpGY?si=xa8JbSLxJikx_9Kf&amp;controls=0\" title=\"YouTube video player\" frameborder=\"0\" allow=\"accelerometer; autoplay; clipboard-write; encrypted-media; gyroscope; picture-in-picture; web-share\" referrerpolicy=\"strict-origin-when-cross-origin\" allowfullscreen><\/iframe><\/center>\n<\/div>\n\n\n\n<div class=\"wp-block-column is-vertically-aligned-center is-layout-flow wp-block-column-is-layout-flow\" style=\"flex-basis:50%\">\n<div style=\"height:40px\" aria-hidden=\"true\" class=\"wp-block-spacer\"><\/div>\n\n\n\n<h2 class=\"wp-block-heading has-text-align-left has-nv-text-dark-bg-color has-text-color\"><strong>Mobilna reklama jest idealnym \u015brodkiem w momencie<\/strong>:<\/h2>\n\n\n\n<ol class=\"wp-block-list\">\n<li><strong>wsparcia sprzeda\u017cy (akcje promocyjne)<\/strong><\/li>\n\n\n\n<li><strong>otwarcia nowych firm, sklep\u00f3w i salon\u00f3w<\/strong><\/li>\n\n\n\n<li><strong>kampanii wyborczych<\/strong><\/li>\n\n\n\n<li><strong>kampanii produktowych<\/strong><\/li>\n\n\n\n<li><strong>rekrutacji pracownik\u00f3w<\/strong><\/li>\n\n\n\n<li><strong>promocji wydarze\u0144<\/strong><\/li>\n\n\n\n<li><strong>prowadzenia kampanii spo\u0142ecznych<\/strong><\/li>\n<\/ol>\n\n\n\n<div class=\"wp-block-buttons is-content-justification-left is-layout-flex wp-container-core-buttons-is-layout-fdcfc74e wp-block-buttons-is-layout-flex\"><\/div>\n<\/div>\n<\/div>\n<\/div><\/div>\n<\/div><\/div>\n\n\n\n<div class=\"wp-block-cover alignfull\" style=\"min-height:300px;aspect-ratio:unset;\"><span aria-hidden=\"true\" class=\"wp-block-cover__background has-nv-dark-bg-background-color has-background-dim-100 has-background-dim\"><\/span><div class=\"wp-block-cover__inner-container is-layout-flow wp-block-cover-is-layout-flow\">\n<p><\/p>\n\n\n\n<h2 class=\"wp-block-heading has-text-align-center has-nv-text-dark-bg-color has-text-color\">Masz pytania?<\/h2>\n\n\n\n<p class=\"has-text-align-center\"><strong> e-mail: <\/strong><a href=\"mailto:biuro@r12.com.pl\"><u>biuro<\/u>@r12.com.pl<\/a><\/p>\n\n\n\n<p class=\"has-text-align-center\"><strong>tel. 536&nbsp;242&nbsp;163<\/strong><\/p>\n\n\n\n<ul class=\"wp-block-social-links aligncenter is-layout-flex wp-block-social-links-is-layout-flex\"><li class=\"wp-social-link wp-social-link-youtube  wp-block-social-link\"><a href=\"https:\/\/www.youtube.com\/@mobilna_reklama\" class=\"wp-block-social-link-anchor\"><svg width=\"24\" height=\"24\" viewBox=\"0 0 24 24\" version=\"1.1\" xmlns=\"http:\/\/www.w3.org\/2000\/svg\" aria-hidden=\"true\" focusable=\"false\"><path d=\"M21.8,8.001c0,0-0.195-1.378-0.795-1.985c-0.76-0.797-1.613-0.801-2.004-0.847c-2.799-0.202-6.997-0.202-6.997-0.202 h-0.009c0,0-4.198,0-6.997,0.202C4.608,5.216,3.756,5.22,2.995,6.016C2.395,6.623,2.2,8.001,2.2,8.001S2,9.62,2,11.238v1.517 c0,1.618,0.2,3.237,0.2,3.237s0.195,1.378,0.795,1.985c0.761,0.797,1.76,0.771,2.205,0.855c1.6,0.153,6.8,0.201,6.8,0.201 s4.203-0.006,7.001-0.209c0.391-0.047,1.243-0.051,2.004-0.847c0.6-0.607,0.795-1.985,0.795-1.985s0.2-1.618,0.2-3.237v-1.517 C22,9.62,21.8,8.001,21.8,8.001z M9.935,14.594l-0.001-5.62l5.404,2.82L9.935,14.594z\"><\/path><\/svg><span class=\"wp-block-social-link-label screen-reader-text\">YouTube<\/span><\/a><\/li>\n\n<li class=\"wp-social-link wp-social-link-facebook  wp-block-social-link\"><a href=\"https:\/\/www.facebook.com\/profile.php?id=100090771493427\" class=\"wp-block-social-link-anchor\"><svg width=\"24\" height=\"24\" viewBox=\"0 0 24 24\" version=\"1.1\" xmlns=\"http:\/\/www.w3.org\/2000\/svg\" aria-hidden=\"true\" focusable=\"false\"><path d=\"M12 2C6.5 2 2 6.5 2 12c0 5 3.7 9.1 8.4 9.9v-7H7.9V12h2.5V9.8c0-2.5 1.5-3.9 3.8-3.9 1.1 0 2.2.2 2.2.2v2.5h-1.3c-1.2 0-1.6.8-1.6 1.6V12h2.8l-.4 2.9h-2.3v7C18.3 21.1 22 17 22 12c0-5.5-4.5-10-10-10z\"><\/path><\/svg><span class=\"wp-block-social-link-label screen-reader-text\">Facebook<\/span><\/a><\/li><\/ul>\n\n\n\n<div class=\"wp-block-buttons is-content-justification-center is-layout-flex wp-container-core-buttons-is-layout-16018d1d wp-block-buttons-is-layout-flex\"><\/div>\n<\/div><\/div>\n","protected":false},"excerpt":{"rendered":"","protected":false},"author":1,"featured_media":0,"parent":0,"menu_order":0,"comment_status":"closed","ping_status":"closed","template":"","meta":{"neve_meta_sidebar":"full-width","neve_meta_container":"full-width","neve_meta_enable_content_width":"on","neve_meta_content_width":70,"neve_meta_title_alignment":"center","neve_meta_author_avatar":"","neve_post_elements_order":"","neve_meta_disable_header":"","neve_meta_disable_footer":"on","neve_meta_disable_title":"on","footnotes":""},"class_list":["post-12","page","type-page","status-publish","hentry"],"_links":{"self":[{"href":"https:\/\/r12.com.pl\/index.php\/wp-json\/wp\/v2\/pages\/12","targetHints":{"allow":["GET"]}}],"collection":[{"href":"https:\/\/r12.com.pl\/index.php\/wp-json\/wp\/v2\/pages"}],"about":[{"href":"https:\/\/r12.com.pl\/index.php\/wp-json\/wp\/v2\/types\/page"}],"author":[{"embeddable":true,"href":"https:\/\/r12.com.pl\/index.php\/wp-json\/wp\/v2\/users\/1"}],"replies":[{"embeddable":true,"href":"https:\/\/r12.com.pl\/index.php\/wp-json\/wp\/v2\/comments?post=12"}],"version-history":[{"count":60,"href":"https:\/\/r12.com.pl\/index.php\/wp-json\/wp\/v2\/pages\/12\/revisions"}],"predecessor-version":[{"id":301,"href":"https:\/\/r12.com.pl\/index.php\/wp-json\/wp\/v2\/pages\/12\/revisions\/301"}],"wp:attachment":[{"href":"https:\/\/r12.com.pl\/index.php\/wp-json\/wp\/v2\/media?parent=12"}],"curies":[{"name":"wp","href":"https:\/\/api.w.org\/{rel}","templated":true}]}}